{"id":22635,"date":"2023-01-13T17:04:22","date_gmt":"2023-01-13T17:04:22","guid":{"rendered":"https:\/\/www.afipre.pt\/website\/?page_id=22635"},"modified":"2023-03-14T16:29:26","modified_gmt":"2023-03-14T16:29:26","slug":"politica-de-cookies","status":"publish","type":"page","link":"https:\/\/www.afipre.pt\/en\/politica-de-cookies\/","title":{"rendered":"Cookie Policy"},"content":{"rendered":"<div data-elementor-type=\"wp-page\" data-elementor-id=\"22635\" class=\"elementor elementor-22635\">\n\t\t\t\t\t\t<div class=\"elementor-inner\">\n\t\t\t\t<div class=\"elementor-section-wrap\">\n\t\t\t\t\t\t\t\t\t<section class=\"elementor-section elementor-top-section elementor-element elementor-element-1271115c elementor-section-boxed elementor-section-height-default elementor-section-height-default sc_fly_static\" data-id=\"1271115c\" data-element_type=\"section\" data-settings=\"{&quot;background_background&quot;:&quot;classic&quot;}\">\n\t\t\t\t\t\t<div class=\"elementor-container elementor-column-gap-extended\">\n\t\t\t\t\t\t\t<div class=\"elementor-row\">\n\t\t\t\t\t<div class=\"elementor-column elementor-col-100 elementor-top-column elementor-element elementor-element-33ef6fcb sc_inner_width_none sc_content_align_inherit sc_layouts_column_icons_position_left sc_fly_static\" data-id=\"33ef6fcb\" data-element_type=\"column\">\n\t\t\t<div class=\"elementor-column-wrap elementor-element-populated\">\n\t\t\t\t\t\t\t<div class=\"elementor-widget-wrap\">\n\t\t\t\t\t\t<div class=\"elementor-element elementor-element-7cd0b952 sc_fly_static elementor-widget elementor-widget-text-editor\" data-id=\"7cd0b952\" data-element_type=\"widget\" data-no-translation=\"\" data-widget_type=\"text-editor.default\">\n\t\t\t\t<div class=\"elementor-widget-container\">\n\t\t\t<style>.elementor-element-7cd0b952{display:none !important}<\/style>\t\t<\/div>\n\t\t\t\t<\/div>\n\t\t\t\t<div class=\"elementor-element elementor-element-281ceb1 sc_fly_static elementor-widget elementor-widget-text-editor\" data-id=\"281ceb1\" data-element_type=\"widget\" data-no-translation=\"\" data-widget_type=\"text-editor.default\">\n\t\t\t\t<div class=\"elementor-widget-container\">\n\t\t\t\t\t\t\t\t<div class=\"elementor-text-editor elementor-clearfix\">\n\t\t\t\t<h1><b>COOKIES <\/b><\/h1>\nThey are small text files stored on your computer that serve to collect information about your device and information about your user experience. This information is used to record the number of visits made and compile statistical information about website activity. \n\nTypes of Cookies depending on the entity that manages them: \n\nOwn cookies: a cookie managed by this domain \/ website. \n\nThird-party cookies: a cookie managed by another domain \/ website. \n\nPersistent cookies: cookie information is permanently stored on your device. \n\nSession cookies: cookie information is not permanently stored on your device. \n\nOur website uses session cookies (\u201csession cookies\u201d) and first-party cookies (\u201cfirst-party cookies\u201d) as well as persistent cookies (\u201cpersistent cookies\u201d) and third-party cookies (\u201cthird-party cookies\u201d). \n\nTypes of cookies depending on the purpose of use: \n\nTechnical cookies: are those that allow you to browse through a domain \/ website, using different options or services such as, for example, identifying the session, accessing restricted access areas, and carrying out the process of a purchase order. \n\nPersonalization cookies: are those that allow access to the domain \/ website with some predefined characteristics depending on a set of decisions taken, such as the language used. \n\nAnalysis cookies: are those that allow the monitoring and analysis of the behaviour of users of websites to which they are linked. The information collected through such cookies is used, for example, to measure website activity and create browsing profiles. Information relating to cookies is controlled and accessed by the website owner. \n\nAccording to the information provided above, as a user, you are expressly consenting to the use of the cookies referred to for the purposes provided for each of them. \n\nSpecific information about Google Analytics third-party cookies can be obtained at https:\/\/developers.google.com\/analytics\/devguides\/collection\/analyticsjs\/cookie-usage and the AddThis service at http:\/\/www.addthis .com\/privacy \n\n \n\nWe are not responsible for the content and accuracy of the terms and conditions of use, privacy policies and third-party cookie policies. \n\n \n\nYou can obtain more information by visiting www.aboutcookies.org or www.allaboutcookies.org. \n\n \n\nYou can configure your browser not to accept cookies and the websites mentioned above explain how you can remove them. However, the non-acceptance of cookies may result in the incorrect execution of some features of the Website. \n\nNone of the cookies used are essential for using the Website, for a particular functionality or for improving the Website&#8217;s performance. \n\nThe use of cookies by our company aims to analyse the use of the Website and allow you to have a problem-free browsing experience; at no time do we collect Personal Data through cookies. \n\nCookies will not be used for any purpose other than those mentioned in the previous point. \t\t\t\t\t<\/div>\n\t\t\t\t\t\t<\/div>\n\t\t\t\t<\/div>\n\t\t\t\t<div class=\"elementor-element elementor-element-f0cc195 sc_fly_static elementor-widget elementor-widget-text-editor\" data-id=\"f0cc195\" data-element_type=\"widget\" data-no-translation=\"\" data-widget_type=\"text-editor.default\">\n\t\t\t\t<div class=\"elementor-widget-container\">\n\t\t\t<style>.elementor-element-f0cc195{display:none !important}<\/style>\t\t<\/div>\n\t\t\t\t<\/div>\n\t\t\t\t<div class=\"elementor-element elementor-element-e8bf2ac sc_fly_static elementor-widget elementor-widget-text-editor\" data-id=\"e8bf2ac\" data-element_type=\"widget\" data-no-translation=\"\" data-widget_type=\"text-editor.default\">\n\t\t\t\t<div class=\"elementor-widget-container\">\n\t\t\t<style>.elementor-element-e8bf2ac{display:none !important}<\/style>\t\t<\/div>\n\t\t\t\t<\/div>\n\t\t\t\t\t\t<\/div>\n\t\t\t\t\t<\/div>\n\t\t<\/div>\n\t\t\t\t\t\t\t\t<\/div>\n\t\t\t\t\t<\/div>\n\t\t<\/section>\n\t\t\t\t\t\t\t\t\t<\/div>\n\t\t\t<\/div>\n\t\t\t\t\t<\/div>","protected":false},"excerpt":{"rendered":"<p>Cookies S\u00e3o pequenos ficheiros de texto guardados no seu computador que servem para recolher informa\u00e7\u00e3o acerca do seu dispositivo e informa\u00e7\u00e3o acerca da sua experi\u00eancia de utiliza\u00e7\u00e3o. Esta informa\u00e7\u00e3o \u00e9&hellip;<\/p>","protected":false},"author":1,"featured_media":0,"parent":0,"menu_order":0,"comment_status":"closed","ping_status":"closed","template":"","meta":{"footnotes":""},"acf":[],"yoast_head":"<!-- This site is optimized with the Yoast SEO plugin v19.14 - https:\/\/yoast.com\/wordpress\/plugins\/seo\/ -->\n<title>Pol\u00edtica de Cookies - Afipre<\/title>\n<meta name=\"robots\" content=\"index, follow, max-snippet:-1, max-image-preview:large, max-video-preview:-1\" \/>\n<link rel=\"canonical\" href=\"https:\/\/www.afipre.pt\/en\/politica-de-cookies\/\" \/>\n<meta property=\"og:locale\" content=\"en_GB\" \/>\n<meta property=\"og:type\" content=\"article\" \/>\n<meta property=\"og:title\" content=\"Pol\u00edtica de Cookies - Afipre\" \/>\n<meta property=\"og:description\" content=\"Cookies S\u00e3o pequenos ficheiros de texto guardados no seu computador que servem para recolher informa\u00e7\u00e3o acerca do seu dispositivo e informa\u00e7\u00e3o acerca da sua experi\u00eancia de utiliza\u00e7\u00e3o. Esta informa\u00e7\u00e3o \u00e9&hellip;\" \/>\n<meta property=\"og:url\" content=\"https:\/\/www.afipre.pt\/en\/politica-de-cookies\/\" \/>\n<meta property=\"og:site_name\" content=\"Afipre\" \/>\n<meta property=\"article:publisher\" content=\"https:\/\/www.facebook.com\/afipre\/\" \/>\n<meta property=\"article:modified_time\" content=\"2023-03-14T16:29:26+00:00\" \/>\n<meta name=\"twitter:card\" content=\"summary_large_image\" \/>\n<meta name=\"twitter:label1\" content=\"Estimated reading time\" \/>\n\t<meta name=\"twitter:data1\" content=\"9 minutes\" \/>\n<script type=\"application\/ld+json\" class=\"yoast-schema-graph\">{\"@context\":\"https:\/\/schema.org\",\"@graph\":[{\"@type\":\"WebPage\",\"@id\":\"https:\/\/www.afipre.pt\/en\/politica-de-cookies\/\",\"url\":\"https:\/\/www.afipre.pt\/en\/politica-de-cookies\/\",\"name\":\"Pol\u00edtica de Cookies - Afipre\",\"isPartOf\":{\"@id\":\"https:\/\/www.afipre.pt\/#website\"},\"datePublished\":\"2023-01-13T17:04:22+00:00\",\"dateModified\":\"2023-03-14T16:29:26+00:00\",\"breadcrumb\":{\"@id\":\"https:\/\/www.afipre.pt\/en\/politica-de-cookies\/#breadcrumb\"},\"inLanguage\":\"en-GB\",\"potentialAction\":[{\"@type\":\"ReadAction\",\"target\":[\"https:\/\/www.afipre.pt\/en\/politica-de-cookies\/\"]}]},{\"@type\":\"BreadcrumbList\",\"@id\":\"https:\/\/www.afipre.pt\/en\/politica-de-cookies\/#breadcrumb\",\"itemListElement\":[{\"@type\":\"ListItem\",\"position\":1,\"name\":\"Home\",\"item\":\"https:\/\/www.afipre.pt\/\"},{\"@type\":\"ListItem\",\"position\":2,\"name\":\"Pol\u00edtica de Cookies\"}]},{\"@type\":\"WebSite\",\"@id\":\"https:\/\/www.afipre.pt\/#website\",\"url\":\"https:\/\/www.afipre.pt\/\",\"name\":\"Afipre - Fabrico de Ferramentas de Corte com Rigor e Precis\u00e3o\",\"description\":\"Ferramentas de Corte\",\"publisher\":{\"@id\":\"https:\/\/www.afipre.pt\/#organization\"},\"potentialAction\":[{\"@type\":\"SearchAction\",\"target\":{\"@type\":\"EntryPoint\",\"urlTemplate\":\"https:\/\/www.afipre.pt\/?s={search_term_string}\"},\"query-input\":\"required name=search_term_string\"}],\"inLanguage\":\"en-GB\"},{\"@type\":\"Organization\",\"@id\":\"https:\/\/www.afipre.pt\/#organization\",\"name\":\"Afipre - Fabrico de Ferramentas de Corte com Rigor e Precis\u00e3o\",\"url\":\"https:\/\/www.afipre.pt\/\",\"logo\":{\"@type\":\"ImageObject\",\"inLanguage\":\"en-GB\",\"@id\":\"https:\/\/www.afipre.pt\/#\/schema\/logo\/image\/\",\"url\":\"https:\/\/www.afipre.pt\/wp-content\/uploads\/2023\/01\/logo_branco.png\",\"contentUrl\":\"https:\/\/www.afipre.pt\/wp-content\/uploads\/2023\/01\/logo_branco.png\",\"width\":235,\"height\":57,\"caption\":\"Afipre - Fabrico de Ferramentas de Corte com Rigor e Precis\u00e3o\"},\"image\":{\"@id\":\"https:\/\/www.afipre.pt\/#\/schema\/logo\/image\/\"},\"sameAs\":[\"https:\/\/www.instagram.com\/afiprefc\/\",\"https:\/\/www.linkedin.com\/company\/afipre-ferramentas-de-corte\/?original_referer=httpswwwafiprept&amp;amp;originalSubdomain=pt\",\"https:\/\/www.facebook.com\/afipre\/\"]}]}<\/script>\n<!-- \/ Yoast SEO plugin. -->","yoast_head_json":{"title":"Pol\u00edtica de Cookies - Afipre","robots":{"index":"index","follow":"follow","max-snippet":"max-snippet:-1","max-image-preview":"max-image-preview:large","max-video-preview":"max-video-preview:-1"},"canonical":"https:\/\/www.afipre.pt\/en\/politica-de-cookies\/","og_locale":"en_GB","og_type":"article","og_title":"Pol\u00edtica de Cookies - Afipre","og_description":"Cookies S\u00e3o pequenos ficheiros de texto guardados no seu computador que servem para recolher informa\u00e7\u00e3o acerca do seu dispositivo e informa\u00e7\u00e3o acerca da sua experi\u00eancia de utiliza\u00e7\u00e3o. Esta informa\u00e7\u00e3o \u00e9&hellip;","og_url":"https:\/\/www.afipre.pt\/en\/politica-de-cookies\/","og_site_name":"Afipre","article_publisher":"https:\/\/www.facebook.com\/afipre\/","article_modified_time":"2023-03-14T16:29:26+00:00","twitter_card":"summary_large_image","twitter_misc":{"Estimated reading time":"9 minutes"},"schema":{"@context":"https:\/\/schema.org","@graph":[{"@type":"WebPage","@id":"https:\/\/www.afipre.pt\/en\/politica-de-cookies\/","url":"https:\/\/www.afipre.pt\/en\/politica-de-cookies\/","name":"Pol\u00edtica de Cookies - Afipre","isPartOf":{"@id":"https:\/\/www.afipre.pt\/#website"},"datePublished":"2023-01-13T17:04:22+00:00","dateModified":"2023-03-14T16:29:26+00:00","breadcrumb":{"@id":"https:\/\/www.afipre.pt\/en\/politica-de-cookies\/#breadcrumb"},"inLanguage":"en-GB","potentialAction":[{"@type":"ReadAction","target":["https:\/\/www.afipre.pt\/en\/politica-de-cookies\/"]}]},{"@type":"BreadcrumbList","@id":"https:\/\/www.afipre.pt\/en\/politica-de-cookies\/#breadcrumb","itemListElement":[{"@type":"ListItem","position":1,"name":"Home","item":"https:\/\/www.afipre.pt\/"},{"@type":"ListItem","position":2,"name":"Pol\u00edtica de Cookies"}]},{"@type":"WebSite","@id":"https:\/\/www.afipre.pt\/#website","url":"https:\/\/www.afipre.pt\/","name":"Afipre - Fabrico de Ferramentas de Corte com Rigor e Precis\u00e3o","description":"Ferramentas de Corte","publisher":{"@id":"https:\/\/www.afipre.pt\/#organization"},"potentialAction":[{"@type":"SearchAction","target":{"@type":"EntryPoint","urlTemplate":"https:\/\/www.afipre.pt\/?s={search_term_string}"},"query-input":"required name=search_term_string"}],"inLanguage":"en-GB"},{"@type":"Organization","@id":"https:\/\/www.afipre.pt\/#organization","name":"Afipre - Fabrico de Ferramentas de Corte com Rigor e Precis\u00e3o","url":"https:\/\/www.afipre.pt\/","logo":{"@type":"ImageObject","inLanguage":"en-GB","@id":"https:\/\/www.afipre.pt\/#\/schema\/logo\/image\/","url":"https:\/\/www.afipre.pt\/wp-content\/uploads\/2023\/01\/logo_branco.png","contentUrl":"https:\/\/www.afipre.pt\/wp-content\/uploads\/2023\/01\/logo_branco.png","width":235,"height":57,"caption":"Afipre - Fabrico de Ferramentas de Corte com Rigor e Precis\u00e3o"},"image":{"@id":"https:\/\/www.afipre.pt\/#\/schema\/logo\/image\/"},"sameAs":["https:\/\/www.instagram.com\/afiprefc\/","https:\/\/www.linkedin.com\/company\/afipre-ferramentas-de-corte\/?original_referer=httpswwwafiprept&amp;amp;originalSubdomain=pt","https:\/\/www.facebook.com\/afipre\/"]}]}},"_links":{"self":[{"href":"https:\/\/www.afipre.pt\/en\/wp-json\/wp\/v2\/pages\/22635"}],"collection":[{"href":"https:\/\/www.afipre.pt\/en\/wp-json\/wp\/v2\/pages"}],"about":[{"href":"https:\/\/www.afipre.pt\/en\/wp-json\/wp\/v2\/types\/page"}],"author":[{"embeddable":true,"href":"https:\/\/www.afipre.pt\/en\/wp-json\/wp\/v2\/users\/1"}],"replies":[{"embeddable":true,"href":"https:\/\/www.afipre.pt\/en\/wp-json\/wp\/v2\/comments?post=22635"}],"version-history":[{"count":10,"href":"https:\/\/www.afipre.pt\/en\/wp-json\/wp\/v2\/pages\/22635\/revisions"}],"predecessor-version":[{"id":22755,"href":"https:\/\/www.afipre.pt\/en\/wp-json\/wp\/v2\/pages\/22635\/revisions\/22755"}],"wp:attachment":[{"href":"https:\/\/www.afipre.pt\/en\/wp-json\/wp\/v2\/media?parent=22635"}],"curies":[{"name":"wp","href":"https:\/\/api.w.org\/{rel}","templated":true}]}}