{"id":22635,"date":"2023-01-13T17:04:22","date_gmt":"2023-01-13T17:04:22","guid":{"rendered":"https:\/\/www.afipre.pt\/website\/?page_id=22635"},"modified":"2023-03-14T16:29:26","modified_gmt":"2023-03-14T16:29:26","slug":"politica-de-cookies","status":"publish","type":"page","link":"https:\/\/www.afipre.pt\/es\/politica-de-cookies\/","title":{"rendered":"Pol\u00edtica de cookies"},"content":{"rendered":"<div data-elementor-type=\"wp-page\" data-elementor-id=\"22635\" class=\"elementor elementor-22635\">\n\t\t\t\t\t\t<div class=\"elementor-inner\">\n\t\t\t\t<div class=\"elementor-section-wrap\">\n\t\t\t\t\t\t\t\t\t<section class=\"elementor-section elementor-top-section elementor-element elementor-element-1271115c elementor-section-boxed elementor-section-height-default elementor-section-height-default sc_fly_static\" data-id=\"1271115c\" data-element_type=\"section\" data-settings=\"{&quot;background_background&quot;:&quot;classic&quot;}\">\n\t\t\t\t\t\t<div class=\"elementor-container elementor-column-gap-extended\">\n\t\t\t\t\t\t\t<div class=\"elementor-row\">\n\t\t\t\t\t<div class=\"elementor-column elementor-col-100 elementor-top-column elementor-element elementor-element-33ef6fcb sc_inner_width_none sc_content_align_inherit sc_layouts_column_icons_position_left sc_fly_static\" data-id=\"33ef6fcb\" data-element_type=\"column\">\n\t\t\t<div class=\"elementor-column-wrap elementor-element-populated\">\n\t\t\t\t\t\t\t<div class=\"elementor-widget-wrap\">\n\t\t\t\t\t\t<div class=\"elementor-element elementor-element-7cd0b952 sc_fly_static elementor-widget elementor-widget-text-editor\" data-id=\"7cd0b952\" data-element_type=\"widget\" data-no-translation=\"\" data-widget_type=\"text-editor.default\">\n\t\t\t\t<div class=\"elementor-widget-container\">\n\t\t\t<style>.elementor-element-7cd0b952{display:none !important}<\/style>\t\t<\/div>\n\t\t\t\t<\/div>\n\t\t\t\t<div class=\"elementor-element elementor-element-281ceb1 sc_fly_static elementor-widget elementor-widget-text-editor\" data-id=\"281ceb1\" data-element_type=\"widget\" data-no-translation=\"\" data-widget_type=\"text-editor.default\">\n\t\t\t\t<div class=\"elementor-widget-container\">\n\t\t\t<style>.elementor-element-281ceb1{display:none !important}<\/style>\t\t<\/div>\n\t\t\t\t<\/div>\n\t\t\t\t<div class=\"elementor-element elementor-element-f0cc195 sc_fly_static elementor-widget elementor-widget-text-editor\" data-id=\"f0cc195\" data-element_type=\"widget\" data-no-translation=\"\" data-widget_type=\"text-editor.default\">\n\t\t\t\t<div class=\"elementor-widget-container\">\n\t\t\t<style>.elementor-element-f0cc195{display:none !important}<\/style>\t\t<\/div>\n\t\t\t\t<\/div>\n\t\t\t\t<div class=\"elementor-element elementor-element-e8bf2ac sc_fly_static elementor-widget elementor-widget-text-editor\" data-id=\"e8bf2ac\" data-element_type=\"widget\" data-no-translation=\"\" data-widget_type=\"text-editor.default\">\n\t\t\t\t<div class=\"elementor-widget-container\">\n\t\t\t\t\t\t\t\t<div class=\"elementor-text-editor elementor-clearfix\">\n\t\t\t\t<h1><b>COOKIES <\/b><\/h1>\nSon peque\u00f1os archivos de texto almacenados en su computador que sirven para recopilar informaci\u00f3n sobre su dispositivo e informaci\u00f3n sobre su experiencia de usuario. Esta informaci\u00f3n se utiliza para registrar el n\u00famero de visitas realizadas y recopilar informaci\u00f3n estad\u00edstica sobre la actividad del sitio web. \n\nTipos de Cookies seg\u00fan la entidad que las gestione: \n\nCookies propias: cookie gestionada por este dominio\/sitio web. \n\nCookies de terceros: una cookie gestionada por otro dominio\/sitio web. \n\nCookies persistentes: la informaci\u00f3n de las cookies se almacena permanentemente en su dispositivo. \n\nCookies de sesi\u00f3n: la informaci\u00f3n de las cookies no se almacena de forma permanente en su dispositivo. \n\nNuestro sitio web utiliza cookies de sesi\u00f3n (&#8220;cookies de sesi\u00f3n&#8221;) y cookies de origen (&#8220;cookies de origen&#8221;), as\u00ed como cookies persistentes (&#8220;cookies persistentes&#8221;) y cookies de terceros (&#8220;cookies de terceros&#8221;). \n\nTipos de cookies seg\u00fan la finalidad de uso: \n\nCookies t\u00e9cnicas: son aqu\u00e9llas que le permiten navegar a trav\u00e9s de un dominio\/sitio web, utilizando diferentes opciones o servicios como, por ejemplo, identificar la sesi\u00f3n, acceder a \u00e1reas de acceso restringido y realizar el proceso de una orden de compra. \n\nCookies de personalizaci\u00f3n: son aqu\u00e9llas que permiten el acceso al dominio\/sitio web con algunas caracter\u00edsticas predefinidas en funci\u00f3n de una serie de decisiones tomadas, como por ejemplo el idioma utilizado. \n\nCookies de an\u00e1lisis: son aqu\u00e9llas que permiten el seguimiento y an\u00e1lisis del comportamiento de los usuarios de los sitios web a los que est\u00e1n vinculadas. La informaci\u00f3n recogida mediante este tipo de cookies se utiliza, por ejemplo, para medir la actividad del sitio web y elaborar perfiles de navegaci\u00f3n. El propietario del sitio web controla y accede a la informaci\u00f3n relacionada con las cookies. \n\nSeg\u00fan la informaci\u00f3n facilitada anteriormente, como usuario est\u00e1s consintiendo expresamente el uso de las cookies referidas con las finalidades previstas para cada una de ellas. \n\nPuede obtener informaci\u00f3n espec\u00edfica sobre las cookies de terceros de Google Analytics en https:\/\/developers.google.com\/analytics\/devguides\/collection\/analyticsjs\/cookie-usage y el servicio AddThis en http:\/\/www.addthis.com\/privacy \n\nNo somos responsables del contenido y la exactitud de los t\u00e9rminos y condiciones de uso, las pol\u00edticas de privacidad y las pol\u00edticas de cookies de terceros antes mencionados. \n\nPuede obtener m\u00e1s informaci\u00f3n visitando www.aboutcookies.org o www.allaboutcookies.org. \n\nPuede configurar su navegador para que no acepte cookies y los sitios web mencionados anteriormente explican c\u00f3mo puede eliminarlas. No obstante, la no aceptaci\u00f3n de cookies puede tener como consecuencia la ejecuci\u00f3n incorrecta de algunas funcionalidades del Sitio Web. \n\nNinguna de las cookies utilizadas es esencial para usar el sitio web, para una funcionalidad particular o para mejorar el rendimiento del sitio web. \n\nEl uso de cookies por parte de nuestra empresa tiene como objetivo analizar el uso del Sitio Web y permitirle tener una experiencia de navegaci\u00f3n sin problemas; en ning\u00fan momento recogemos Datos Personales a trav\u00e9s de las cookies. \n\nLas cookies no se utilizar\u00e1n para otra finalidad distinta de las mencionadas en el punto anterior. \t\t\t\t\t<\/div>\n\t\t\t\t\t\t<\/div>\n\t\t\t\t<\/div>\n\t\t\t\t\t\t<\/div>\n\t\t\t\t\t<\/div>\n\t\t<\/div>\n\t\t\t\t\t\t\t\t<\/div>\n\t\t\t\t\t<\/div>\n\t\t<\/section>\n\t\t\t\t\t\t\t\t\t<\/div>\n\t\t\t<\/div>\n\t\t\t\t\t<\/div>","protected":false},"excerpt":{"rendered":"<p>Cookies S\u00e3o pequenos ficheiros de texto guardados no seu computador que servem para recolher informa\u00e7\u00e3o acerca do seu dispositivo e informa\u00e7\u00e3o acerca da sua experi\u00eancia de utiliza\u00e7\u00e3o. Esta informa\u00e7\u00e3o \u00e9&hellip;<\/p>","protected":false},"author":1,"featured_media":0,"parent":0,"menu_order":0,"comment_status":"closed","ping_status":"closed","template":"","meta":{"footnotes":""},"acf":[],"yoast_head":"<!-- This site is optimized with the Yoast SEO plugin v19.14 - https:\/\/yoast.com\/wordpress\/plugins\/seo\/ -->\n<title>Pol\u00edtica de Cookies - Afipre<\/title>\n<meta name=\"robots\" content=\"index, follow, max-snippet:-1, max-image-preview:large, max-video-preview:-1\" \/>\n<link rel=\"canonical\" href=\"https:\/\/www.afipre.pt\/es\/politica-de-cookies\/\" \/>\n<meta property=\"og:locale\" content=\"es_ES\" \/>\n<meta property=\"og:type\" content=\"article\" \/>\n<meta property=\"og:title\" content=\"Pol\u00edtica de Cookies - Afipre\" \/>\n<meta property=\"og:description\" content=\"Cookies S\u00e3o pequenos ficheiros de texto guardados no seu computador que servem para recolher informa\u00e7\u00e3o acerca do seu dispositivo e informa\u00e7\u00e3o acerca da sua experi\u00eancia de utiliza\u00e7\u00e3o. Esta informa\u00e7\u00e3o \u00e9&hellip;\" \/>\n<meta property=\"og:url\" content=\"https:\/\/www.afipre.pt\/es\/politica-de-cookies\/\" \/>\n<meta property=\"og:site_name\" content=\"Afipre\" \/>\n<meta property=\"article:publisher\" content=\"https:\/\/www.facebook.com\/afipre\/\" \/>\n<meta property=\"article:modified_time\" content=\"2023-03-14T16:29:26+00:00\" \/>\n<meta name=\"twitter:card\" content=\"summary_large_image\" \/>\n<meta name=\"twitter:label1\" content=\"Tiempo de lectura\" \/>\n\t<meta name=\"twitter:data1\" content=\"9 minutos\" \/>\n<script type=\"application\/ld+json\" class=\"yoast-schema-graph\">{\"@context\":\"https:\/\/schema.org\",\"@graph\":[{\"@type\":\"WebPage\",\"@id\":\"https:\/\/www.afipre.pt\/en\/politica-de-cookies\/\",\"url\":\"https:\/\/www.afipre.pt\/en\/politica-de-cookies\/\",\"name\":\"Pol\u00edtica de Cookies - Afipre\",\"isPartOf\":{\"@id\":\"https:\/\/www.afipre.pt\/#website\"},\"datePublished\":\"2023-01-13T17:04:22+00:00\",\"dateModified\":\"2023-03-14T16:29:26+00:00\",\"breadcrumb\":{\"@id\":\"https:\/\/www.afipre.pt\/en\/politica-de-cookies\/#breadcrumb\"},\"inLanguage\":\"es\",\"potentialAction\":[{\"@type\":\"ReadAction\",\"target\":[\"https:\/\/www.afipre.pt\/en\/politica-de-cookies\/\"]}]},{\"@type\":\"BreadcrumbList\",\"@id\":\"https:\/\/www.afipre.pt\/en\/politica-de-cookies\/#breadcrumb\",\"itemListElement\":[{\"@type\":\"ListItem\",\"position\":1,\"name\":\"Home\",\"item\":\"https:\/\/www.afipre.pt\/\"},{\"@type\":\"ListItem\",\"position\":2,\"name\":\"Pol\u00edtica de Cookies\"}]},{\"@type\":\"WebSite\",\"@id\":\"https:\/\/www.afipre.pt\/#website\",\"url\":\"https:\/\/www.afipre.pt\/\",\"name\":\"Afipre - Fabrico de Ferramentas de Corte com Rigor e Precis\u00e3o\",\"description\":\"Ferramentas de Corte\",\"publisher\":{\"@id\":\"https:\/\/www.afipre.pt\/#organization\"},\"potentialAction\":[{\"@type\":\"SearchAction\",\"target\":{\"@type\":\"EntryPoint\",\"urlTemplate\":\"https:\/\/www.afipre.pt\/?s={search_term_string}\"},\"query-input\":\"required name=search_term_string\"}],\"inLanguage\":\"es\"},{\"@type\":\"Organization\",\"@id\":\"https:\/\/www.afipre.pt\/#organization\",\"name\":\"Afipre - Fabrico de Ferramentas de Corte com Rigor e Precis\u00e3o\",\"url\":\"https:\/\/www.afipre.pt\/\",\"logo\":{\"@type\":\"ImageObject\",\"inLanguage\":\"es\",\"@id\":\"https:\/\/www.afipre.pt\/#\/schema\/logo\/image\/\",\"url\":\"https:\/\/www.afipre.pt\/wp-content\/uploads\/2023\/01\/logo_branco.png\",\"contentUrl\":\"https:\/\/www.afipre.pt\/wp-content\/uploads\/2023\/01\/logo_branco.png\",\"width\":235,\"height\":57,\"caption\":\"Afipre - Fabrico de Ferramentas de Corte com Rigor e Precis\u00e3o\"},\"image\":{\"@id\":\"https:\/\/www.afipre.pt\/#\/schema\/logo\/image\/\"},\"sameAs\":[\"https:\/\/www.instagram.com\/afiprefc\/\",\"https:\/\/www.linkedin.com\/company\/afipre-ferramentas-de-corte\/?original_referer=httpswwwafiprept&amp;amp;originalSubdomain=pt\",\"https:\/\/www.facebook.com\/afipre\/\"]}]}<\/script>\n<!-- \/ Yoast SEO plugin. -->","yoast_head_json":{"title":"Pol\u00edtica de Cookies - Afipre","robots":{"index":"index","follow":"follow","max-snippet":"max-snippet:-1","max-image-preview":"max-image-preview:large","max-video-preview":"max-video-preview:-1"},"canonical":"https:\/\/www.afipre.pt\/es\/politica-de-cookies\/","og_locale":"es_ES","og_type":"article","og_title":"Pol\u00edtica de Cookies - Afipre","og_description":"Cookies S\u00e3o pequenos ficheiros de texto guardados no seu computador que servem para recolher informa\u00e7\u00e3o acerca do seu dispositivo e informa\u00e7\u00e3o acerca da sua experi\u00eancia de utiliza\u00e7\u00e3o. Esta informa\u00e7\u00e3o \u00e9&hellip;","og_url":"https:\/\/www.afipre.pt\/es\/politica-de-cookies\/","og_site_name":"Afipre","article_publisher":"https:\/\/www.facebook.com\/afipre\/","article_modified_time":"2023-03-14T16:29:26+00:00","twitter_card":"summary_large_image","twitter_misc":{"Tiempo de lectura":"9 minutos"},"schema":{"@context":"https:\/\/schema.org","@graph":[{"@type":"WebPage","@id":"https:\/\/www.afipre.pt\/en\/politica-de-cookies\/","url":"https:\/\/www.afipre.pt\/en\/politica-de-cookies\/","name":"Pol\u00edtica de Cookies - Afipre","isPartOf":{"@id":"https:\/\/www.afipre.pt\/#website"},"datePublished":"2023-01-13T17:04:22+00:00","dateModified":"2023-03-14T16:29:26+00:00","breadcrumb":{"@id":"https:\/\/www.afipre.pt\/en\/politica-de-cookies\/#breadcrumb"},"inLanguage":"es","potentialAction":[{"@type":"ReadAction","target":["https:\/\/www.afipre.pt\/en\/politica-de-cookies\/"]}]},{"@type":"BreadcrumbList","@id":"https:\/\/www.afipre.pt\/en\/politica-de-cookies\/#breadcrumb","itemListElement":[{"@type":"ListItem","position":1,"name":"Home","item":"https:\/\/www.afipre.pt\/"},{"@type":"ListItem","position":2,"name":"Pol\u00edtica de Cookies"}]},{"@type":"WebSite","@id":"https:\/\/www.afipre.pt\/#website","url":"https:\/\/www.afipre.pt\/","name":"Afipre - Fabrico de Ferramentas de Corte com Rigor e Precis\u00e3o","description":"Ferramentas de Corte","publisher":{"@id":"https:\/\/www.afipre.pt\/#organization"},"potentialAction":[{"@type":"SearchAction","target":{"@type":"EntryPoint","urlTemplate":"https:\/\/www.afipre.pt\/?s={search_term_string}"},"query-input":"required name=search_term_string"}],"inLanguage":"es"},{"@type":"Organization","@id":"https:\/\/www.afipre.pt\/#organization","name":"Afipre - Fabrico de Ferramentas de Corte com Rigor e Precis\u00e3o","url":"https:\/\/www.afipre.pt\/","logo":{"@type":"ImageObject","inLanguage":"es","@id":"https:\/\/www.afipre.pt\/#\/schema\/logo\/image\/","url":"https:\/\/www.afipre.pt\/wp-content\/uploads\/2023\/01\/logo_branco.png","contentUrl":"https:\/\/www.afipre.pt\/wp-content\/uploads\/2023\/01\/logo_branco.png","width":235,"height":57,"caption":"Afipre - Fabrico de Ferramentas de Corte com Rigor e Precis\u00e3o"},"image":{"@id":"https:\/\/www.afipre.pt\/#\/schema\/logo\/image\/"},"sameAs":["https:\/\/www.instagram.com\/afiprefc\/","https:\/\/www.linkedin.com\/company\/afipre-ferramentas-de-corte\/?original_referer=httpswwwafiprept&amp;amp;originalSubdomain=pt","https:\/\/www.facebook.com\/afipre\/"]}]}},"_links":{"self":[{"href":"https:\/\/www.afipre.pt\/es\/wp-json\/wp\/v2\/pages\/22635"}],"collection":[{"href":"https:\/\/www.afipre.pt\/es\/wp-json\/wp\/v2\/pages"}],"about":[{"href":"https:\/\/www.afipre.pt\/es\/wp-json\/wp\/v2\/types\/page"}],"author":[{"embeddable":true,"href":"https:\/\/www.afipre.pt\/es\/wp-json\/wp\/v2\/users\/1"}],"replies":[{"embeddable":true,"href":"https:\/\/www.afipre.pt\/es\/wp-json\/wp\/v2\/comments?post=22635"}],"version-history":[{"count":10,"href":"https:\/\/www.afipre.pt\/es\/wp-json\/wp\/v2\/pages\/22635\/revisions"}],"predecessor-version":[{"id":22755,"href":"https:\/\/www.afipre.pt\/es\/wp-json\/wp\/v2\/pages\/22635\/revisions\/22755"}],"wp:attachment":[{"href":"https:\/\/www.afipre.pt\/es\/wp-json\/wp\/v2\/media?parent=22635"}],"curies":[{"name":"wp","href":"https:\/\/api.w.org\/{rel}","templated":true}]}}