{"id":22635,"date":"2023-01-13T17:04:22","date_gmt":"2023-01-13T17:04:22","guid":{"rendered":"https:\/\/www.afipre.pt\/website\/?page_id=22635"},"modified":"2023-03-14T16:29:26","modified_gmt":"2023-03-14T16:29:26","slug":"politica-de-cookies","status":"publish","type":"page","link":"https:\/\/www.afipre.pt\/fr\/politica-de-cookies\/","title":{"rendered":"Politique en mati\u00e8re de cookies"},"content":{"rendered":"<div data-elementor-type=\"wp-page\" data-elementor-id=\"22635\" class=\"elementor elementor-22635\">\n\t\t\t\t\t\t<div class=\"elementor-inner\">\n\t\t\t\t<div class=\"elementor-section-wrap\">\n\t\t\t\t\t\t\t\t\t<section class=\"elementor-section elementor-top-section elementor-element elementor-element-1271115c elementor-section-boxed elementor-section-height-default elementor-section-height-default sc_fly_static\" data-id=\"1271115c\" data-element_type=\"section\" data-settings=\"{&quot;background_background&quot;:&quot;classic&quot;}\">\n\t\t\t\t\t\t<div class=\"elementor-container elementor-column-gap-extended\">\n\t\t\t\t\t\t\t<div class=\"elementor-row\">\n\t\t\t\t\t<div class=\"elementor-column elementor-col-100 elementor-top-column elementor-element elementor-element-33ef6fcb sc_inner_width_none sc_content_align_inherit sc_layouts_column_icons_position_left sc_fly_static\" data-id=\"33ef6fcb\" data-element_type=\"column\">\n\t\t\t<div class=\"elementor-column-wrap elementor-element-populated\">\n\t\t\t\t\t\t\t<div class=\"elementor-widget-wrap\">\n\t\t\t\t\t\t<div class=\"elementor-element elementor-element-7cd0b952 sc_fly_static elementor-widget elementor-widget-text-editor\" data-id=\"7cd0b952\" data-element_type=\"widget\" data-no-translation=\"\" data-widget_type=\"text-editor.default\">\n\t\t\t\t<div class=\"elementor-widget-container\">\n\t\t\t<style>.elementor-element-7cd0b952{display:none !important}<\/style>\t\t<\/div>\n\t\t\t\t<\/div>\n\t\t\t\t<div class=\"elementor-element elementor-element-281ceb1 sc_fly_static elementor-widget elementor-widget-text-editor\" data-id=\"281ceb1\" data-element_type=\"widget\" data-no-translation=\"\" data-widget_type=\"text-editor.default\">\n\t\t\t\t<div class=\"elementor-widget-container\">\n\t\t\t<style>.elementor-element-281ceb1{display:none !important}<\/style>\t\t<\/div>\n\t\t\t\t<\/div>\n\t\t\t\t<div class=\"elementor-element elementor-element-f0cc195 sc_fly_static elementor-widget elementor-widget-text-editor\" data-id=\"f0cc195\" data-element_type=\"widget\" data-no-translation=\"\" data-widget_type=\"text-editor.default\">\n\t\t\t\t<div class=\"elementor-widget-container\">\n\t\t\t\t\t\t\t\t<div class=\"elementor-text-editor elementor-clearfix\">\n\t\t\t\t<h1><b>COOKIES <\/b><\/h1>\nCe sont de petits fichiers texte stock\u00e9s sur votre ordinateur qui servent \u00e0 collecter des informations sur votre appareil et des informations sur votre exp\u00e9rience utilisateur. Ces informations sont utilis\u00e9es pour enregistrer le nombre de visites effectu\u00e9es et compiler des informations statistiques sur l&#8217;activit\u00e9 du site. \n\nTypes de Cookies selon l&#8217;entit\u00e9 qui les g\u00e8re : \n\nCookies propres : un cookie g\u00e9r\u00e9 par ce domaine\/site web. \n\nCookies tiers : un cookie g\u00e9r\u00e9 par un autre domaine\/site web. \n\nCookies persistants\u202f: les informations sur les cookies sont stock\u00e9es de mani\u00e8re permanente sur votre appareil. \n\nCookies de session : les informations sur les cookies ne sont pas stock\u00e9es de mani\u00e8re permanente sur votre appareil. \n\nNotre site Web utilise des cookies de session (&#8220;cookies de session&#8221;) et des cookies de premi\u00e8re partie (&#8220;cookies de premi\u00e8re partie&#8221;) ainsi que des cookies persistants (&#8220;cookies persistants&#8221;) et des cookies tiers (&#8220;cookies tiers&#8221;). \n\nTypes de cookies en fonction de la finalit\u00e9 d&#8217;utilisation : \n\nCookies techniques : sont ceux qui vous permettent de naviguer sur un domaine\/site Web, en utilisant diff\u00e9rentes options ou services comme identifier la session, acc\u00e9der \u00e0 des zones d&#8217;acc\u00e8s restreint et effectuer le processus d&#8217;un bon de commande. \n\nCookies de personnalisation : sont ceux qui permettent l&#8217;acc\u00e8s au domaine\/site web avec certaines caract\u00e9ristiques pr\u00e9d\u00e9finies en fonction d&#8217;un ensemble de d\u00e9cisions prises, comme la langue utilis\u00e9e. \n\nCookies d&#8217;analyse : sont ceux qui permettent le suivi et l&#8217;analyse du comportement des utilisateurs des sites Web auxquels ils sont li\u00e9s. Les informations collect\u00e9es via ces cookies sont utilis\u00e9es, par exemple, pour mesurer l&#8217;activit\u00e9 du site Web et cr\u00e9er des profils de navigation. Les informations relatives aux cookies sont contr\u00f4l\u00e9es et accessibles par le propri\u00e9taire du site Web. \n\n \n\nSelon les informations fournies ci-dessus, en tant qu&#8217;utilisateur, vous consentez express\u00e9ment \u00e0 l&#8217;utilisation des cookies vis\u00e9s aux fins pr\u00e9vues pour chacun d&#8217;eux. \n\nDes informations sp\u00e9cifiques sur les cookies tiers de Google Analytics peuvent \u00eatre obtenues sur https:\/\/developers.google.com\/analytics\/devguides\/collection\/analyticsjs\/cookie-usage et le service AddThis sur http:\/\/www.addthis.com\/privacy \n\nNous ne sommes pas responsables du contenu et de l&#8217;exactitude des conditions d&#8217;utilisation, des politiques de confidentialit\u00e9 et des politiques de cookies de tiers susmentionn\u00e9es. \n\nVous pouvez obtenir plus d&#8217;informations en visitant www.aboutcookies.org ou www.allaboutcookies.org. \n\nVous pouvez configurer votre navigateur pour ne pas accepter les cookies et les sites Web mentionn\u00e9s ci-dessus expliquent comment vous pouvez les supprimer. Toutefois, la non-acceptation des cookies peut entra\u00eener la mauvaise ex\u00e9cution de certaines fonctionnalit\u00e9s du Site. \n\nAucun des cookies utilis\u00e9s n&#8217;est indispensable \u00e0 l&#8217;utilisation du Site, \u00e0 une fonctionnalit\u00e9 particuli\u00e8re ou \u00e0 l&#8217;am\u00e9lioration des performances du Site. \n\nL&#8217;utilisation de cookies par notre soci\u00e9t\u00e9 a pour but d&#8217;analyser l&#8217;utilisation du Site et de vous permettre d&#8217;avoir une exp\u00e9rience de navigation sans probl\u00e8me ; \u00e0 aucun moment nous ne collectons de Donn\u00e9es Personnelles par le biais de cookies. \n\nLes cookies ne seront pas utilis\u00e9s \u00e0 d&#8217;autres fins que celles mentionn\u00e9es au point pr\u00e9c\u00e9dent. \t\t\t\t\t<\/div>\n\t\t\t\t\t\t<\/div>\n\t\t\t\t<\/div>\n\t\t\t\t<div class=\"elementor-element elementor-element-e8bf2ac sc_fly_static elementor-widget elementor-widget-text-editor\" data-id=\"e8bf2ac\" data-element_type=\"widget\" data-no-translation=\"\" data-widget_type=\"text-editor.default\">\n\t\t\t\t<div class=\"elementor-widget-container\">\n\t\t\t<style>.elementor-element-e8bf2ac{display:none !important}<\/style>\t\t<\/div>\n\t\t\t\t<\/div>\n\t\t\t\t\t\t<\/div>\n\t\t\t\t\t<\/div>\n\t\t<\/div>\n\t\t\t\t\t\t\t\t<\/div>\n\t\t\t\t\t<\/div>\n\t\t<\/section>\n\t\t\t\t\t\t\t\t\t<\/div>\n\t\t\t<\/div>\n\t\t\t\t\t<\/div>","protected":false},"excerpt":{"rendered":"<p>Cookies S\u00e3o pequenos ficheiros de texto guardados no seu computador que servem para recolher informa\u00e7\u00e3o acerca do seu dispositivo e informa\u00e7\u00e3o acerca da sua experi\u00eancia de utiliza\u00e7\u00e3o. Esta informa\u00e7\u00e3o \u00e9&hellip;<\/p>","protected":false},"author":1,"featured_media":0,"parent":0,"menu_order":0,"comment_status":"closed","ping_status":"closed","template":"","meta":{"footnotes":""},"acf":[],"yoast_head":"<!-- This site is optimized with the Yoast SEO plugin v19.14 - https:\/\/yoast.com\/wordpress\/plugins\/seo\/ -->\n<title>Pol\u00edtica de Cookies - Afipre<\/title>\n<meta name=\"robots\" content=\"index, follow, max-snippet:-1, max-image-preview:large, max-video-preview:-1\" \/>\n<link rel=\"canonical\" href=\"https:\/\/www.afipre.pt\/fr\/politica-de-cookies\/\" \/>\n<meta property=\"og:locale\" content=\"fr_FR\" \/>\n<meta property=\"og:type\" content=\"article\" \/>\n<meta property=\"og:title\" content=\"Pol\u00edtica de Cookies - Afipre\" \/>\n<meta property=\"og:description\" content=\"Cookies S\u00e3o pequenos ficheiros de texto guardados no seu computador que servem para recolher informa\u00e7\u00e3o acerca do seu dispositivo e informa\u00e7\u00e3o acerca da sua experi\u00eancia de utiliza\u00e7\u00e3o. Esta informa\u00e7\u00e3o \u00e9&hellip;\" \/>\n<meta property=\"og:url\" content=\"https:\/\/www.afipre.pt\/fr\/politica-de-cookies\/\" \/>\n<meta property=\"og:site_name\" content=\"Afipre\" \/>\n<meta property=\"article:publisher\" content=\"https:\/\/www.facebook.com\/afipre\/\" \/>\n<meta property=\"article:modified_time\" content=\"2023-03-14T16:29:26+00:00\" \/>\n<meta name=\"twitter:card\" content=\"summary_large_image\" \/>\n<meta name=\"twitter:label1\" content=\"Dur\u00e9e de lecture estim\u00e9e\" \/>\n\t<meta name=\"twitter:data1\" content=\"9 minutes\" \/>\n<script type=\"application\/ld+json\" class=\"yoast-schema-graph\">{\"@context\":\"https:\/\/schema.org\",\"@graph\":[{\"@type\":\"WebPage\",\"@id\":\"https:\/\/www.afipre.pt\/en\/politica-de-cookies\/\",\"url\":\"https:\/\/www.afipre.pt\/en\/politica-de-cookies\/\",\"name\":\"Pol\u00edtica de Cookies - Afipre\",\"isPartOf\":{\"@id\":\"https:\/\/www.afipre.pt\/#website\"},\"datePublished\":\"2023-01-13T17:04:22+00:00\",\"dateModified\":\"2023-03-14T16:29:26+00:00\",\"breadcrumb\":{\"@id\":\"https:\/\/www.afipre.pt\/en\/politica-de-cookies\/#breadcrumb\"},\"inLanguage\":\"fr-FR\",\"potentialAction\":[{\"@type\":\"ReadAction\",\"target\":[\"https:\/\/www.afipre.pt\/en\/politica-de-cookies\/\"]}]},{\"@type\":\"BreadcrumbList\",\"@id\":\"https:\/\/www.afipre.pt\/en\/politica-de-cookies\/#breadcrumb\",\"itemListElement\":[{\"@type\":\"ListItem\",\"position\":1,\"name\":\"Home\",\"item\":\"https:\/\/www.afipre.pt\/\"},{\"@type\":\"ListItem\",\"position\":2,\"name\":\"Pol\u00edtica de Cookies\"}]},{\"@type\":\"WebSite\",\"@id\":\"https:\/\/www.afipre.pt\/#website\",\"url\":\"https:\/\/www.afipre.pt\/\",\"name\":\"Afipre - Fabrico de Ferramentas de Corte com Rigor e Precis\u00e3o\",\"description\":\"Ferramentas de Corte\",\"publisher\":{\"@id\":\"https:\/\/www.afipre.pt\/#organization\"},\"potentialAction\":[{\"@type\":\"SearchAction\",\"target\":{\"@type\":\"EntryPoint\",\"urlTemplate\":\"https:\/\/www.afipre.pt\/?s={search_term_string}\"},\"query-input\":\"required name=search_term_string\"}],\"inLanguage\":\"fr-FR\"},{\"@type\":\"Organization\",\"@id\":\"https:\/\/www.afipre.pt\/#organization\",\"name\":\"Afipre - Fabrico de Ferramentas de Corte com Rigor e Precis\u00e3o\",\"url\":\"https:\/\/www.afipre.pt\/\",\"logo\":{\"@type\":\"ImageObject\",\"inLanguage\":\"fr-FR\",\"@id\":\"https:\/\/www.afipre.pt\/#\/schema\/logo\/image\/\",\"url\":\"https:\/\/www.afipre.pt\/wp-content\/uploads\/2023\/01\/logo_branco.png\",\"contentUrl\":\"https:\/\/www.afipre.pt\/wp-content\/uploads\/2023\/01\/logo_branco.png\",\"width\":235,\"height\":57,\"caption\":\"Afipre - Fabrico de Ferramentas de Corte com Rigor e Precis\u00e3o\"},\"image\":{\"@id\":\"https:\/\/www.afipre.pt\/#\/schema\/logo\/image\/\"},\"sameAs\":[\"https:\/\/www.instagram.com\/afiprefc\/\",\"https:\/\/www.linkedin.com\/company\/afipre-ferramentas-de-corte\/?original_referer=httpswwwafiprept&amp;amp;originalSubdomain=pt\",\"https:\/\/www.facebook.com\/afipre\/\"]}]}<\/script>\n<!-- \/ Yoast SEO plugin. -->","yoast_head_json":{"title":"Pol\u00edtica de Cookies - Afipre","robots":{"index":"index","follow":"follow","max-snippet":"max-snippet:-1","max-image-preview":"max-image-preview:large","max-video-preview":"max-video-preview:-1"},"canonical":"https:\/\/www.afipre.pt\/fr\/politica-de-cookies\/","og_locale":"fr_FR","og_type":"article","og_title":"Pol\u00edtica de Cookies - Afipre","og_description":"Cookies S\u00e3o pequenos ficheiros de texto guardados no seu computador que servem para recolher informa\u00e7\u00e3o acerca do seu dispositivo e informa\u00e7\u00e3o acerca da sua experi\u00eancia de utiliza\u00e7\u00e3o. Esta informa\u00e7\u00e3o \u00e9&hellip;","og_url":"https:\/\/www.afipre.pt\/fr\/politica-de-cookies\/","og_site_name":"Afipre","article_publisher":"https:\/\/www.facebook.com\/afipre\/","article_modified_time":"2023-03-14T16:29:26+00:00","twitter_card":"summary_large_image","twitter_misc":{"Dur\u00e9e de lecture estim\u00e9e":"9 minutes"},"schema":{"@context":"https:\/\/schema.org","@graph":[{"@type":"WebPage","@id":"https:\/\/www.afipre.pt\/en\/politica-de-cookies\/","url":"https:\/\/www.afipre.pt\/en\/politica-de-cookies\/","name":"Pol\u00edtica de Cookies - Afipre","isPartOf":{"@id":"https:\/\/www.afipre.pt\/#website"},"datePublished":"2023-01-13T17:04:22+00:00","dateModified":"2023-03-14T16:29:26+00:00","breadcrumb":{"@id":"https:\/\/www.afipre.pt\/en\/politica-de-cookies\/#breadcrumb"},"inLanguage":"fr-FR","potentialAction":[{"@type":"ReadAction","target":["https:\/\/www.afipre.pt\/en\/politica-de-cookies\/"]}]},{"@type":"BreadcrumbList","@id":"https:\/\/www.afipre.pt\/en\/politica-de-cookies\/#breadcrumb","itemListElement":[{"@type":"ListItem","position":1,"name":"Home","item":"https:\/\/www.afipre.pt\/"},{"@type":"ListItem","position":2,"name":"Pol\u00edtica de Cookies"}]},{"@type":"WebSite","@id":"https:\/\/www.afipre.pt\/#website","url":"https:\/\/www.afipre.pt\/","name":"Afipre - Fabrico de Ferramentas de Corte com Rigor e Precis\u00e3o","description":"Ferramentas de Corte","publisher":{"@id":"https:\/\/www.afipre.pt\/#organization"},"potentialAction":[{"@type":"SearchAction","target":{"@type":"EntryPoint","urlTemplate":"https:\/\/www.afipre.pt\/?s={search_term_string}"},"query-input":"required name=search_term_string"}],"inLanguage":"fr-FR"},{"@type":"Organization","@id":"https:\/\/www.afipre.pt\/#organization","name":"Afipre - Fabrico de Ferramentas de Corte com Rigor e Precis\u00e3o","url":"https:\/\/www.afipre.pt\/","logo":{"@type":"ImageObject","inLanguage":"fr-FR","@id":"https:\/\/www.afipre.pt\/#\/schema\/logo\/image\/","url":"https:\/\/www.afipre.pt\/wp-content\/uploads\/2023\/01\/logo_branco.png","contentUrl":"https:\/\/www.afipre.pt\/wp-content\/uploads\/2023\/01\/logo_branco.png","width":235,"height":57,"caption":"Afipre - Fabrico de Ferramentas de Corte com Rigor e Precis\u00e3o"},"image":{"@id":"https:\/\/www.afipre.pt\/#\/schema\/logo\/image\/"},"sameAs":["https:\/\/www.instagram.com\/afiprefc\/","https:\/\/www.linkedin.com\/company\/afipre-ferramentas-de-corte\/?original_referer=httpswwwafiprept&amp;amp;originalSubdomain=pt","https:\/\/www.facebook.com\/afipre\/"]}]}},"_links":{"self":[{"href":"https:\/\/www.afipre.pt\/fr\/wp-json\/wp\/v2\/pages\/22635"}],"collection":[{"href":"https:\/\/www.afipre.pt\/fr\/wp-json\/wp\/v2\/pages"}],"about":[{"href":"https:\/\/www.afipre.pt\/fr\/wp-json\/wp\/v2\/types\/page"}],"author":[{"embeddable":true,"href":"https:\/\/www.afipre.pt\/fr\/wp-json\/wp\/v2\/users\/1"}],"replies":[{"embeddable":true,"href":"https:\/\/www.afipre.pt\/fr\/wp-json\/wp\/v2\/comments?post=22635"}],"version-history":[{"count":10,"href":"https:\/\/www.afipre.pt\/fr\/wp-json\/wp\/v2\/pages\/22635\/revisions"}],"predecessor-version":[{"id":22755,"href":"https:\/\/www.afipre.pt\/fr\/wp-json\/wp\/v2\/pages\/22635\/revisions\/22755"}],"wp:attachment":[{"href":"https:\/\/www.afipre.pt\/fr\/wp-json\/wp\/v2\/media?parent=22635"}],"curies":[{"name":"wp","href":"https:\/\/api.w.org\/{rel}","templated":true}]}}